{"id":15,"date":"2013-06-30T13:01:35","date_gmt":"2013-06-30T11:01:35","guid":{"rendered":"http:\/\/grenzdenkmale.de\/?page_id=15"},"modified":"2024-06-04T11:59:53","modified_gmt":"2024-06-04T09:59:53","slug":"alliierte-zonen","status":"publish","type":"page","link":"https:\/\/grenzdenkmale.de\/?page_id=15","title":{"rendered":"Alliierte Zonen"},"content":{"rendered":"<p><span style=\"font-size: 12pt;\">Einige Monate vor dem Ende des II Weltkrieges erfolgte ein diplomatisches Treffen der alliierten Staatschefs von Amerika (Rossevelt), England (Churchill) und der Sowjetunion (Stalin). Dieses Treffen ging als Konferenz von Jalta in die Geschichte ein. Zu den Tagungspunkten z\u00e4hlte die Aufteilung des Deutschen Reiches in Zonen nach dem gewonnenen II. Weltkrieg sowie die Ausrichtung einer neuen Weltordnung.<\/span><\/p>\n<p><span style=\"font-size: 12pt;\"><a href=\"https:\/\/grenzdenkmale.de\/?attachment_id=64\" rel=\"attachment wp-att-64\"><img loading=\"lazy\" decoding=\"async\" class=\"alignleft wp-image-64\" src=\"https:\/\/grenzdenkmale.de\/wordpress\/wp-content\/uploads\/Jalta-300x242.jpg\" alt=\"Jalta\" width=\"300\" height=\"242\" srcset=\"https:\/\/grenzdenkmale.de\/wordpress\/wp-content\/uploads\/Jalta-300x242.jpg 300w, https:\/\/grenzdenkmale.de\/wordpress\/wp-content\/uploads\/Jalta.jpg 742w\" sizes=\"auto, (max-width: 300px) 100vw, 300px\" \/><\/a>Nach der bedingungslosen Kapitulation der deutschen Wehrmacht am 6. Mai 1945 und der Besetzung des Landes durch die alliierten Siegerm\u00e4chte, erfolgte dann die Aufteilung Deutschlands in Besatzungszonen. <\/span><span style=\"font-size: 12pt;\">Beim Einmarsch der Besatzungstruppen \u00fcberlappten die milit\u00e4rischen Handlungen noch die vorgegebenen Grenzziehungen der sp\u00e4teren besetzten Gebiete. So kam es vor, dass amerikanische bzw. englische Truppen\u00a0 Teile des Gebietes der sp\u00e4teren sowjetischen Zone einnahmen. Wie auf der Konferenz von Jalta und London ausgehandelt, zogen sich bis zum Herbst 1945 alle alliierten Milit\u00e4reinheiten auf ihr zugewiesenes Territorium zur\u00fcck.<\/span><\/p>\n<p><span style=\"font-size: 10pt;\"><strong>Konferenz von Jalta, 1945. Quelle: Grenzlandbildstelle<\/strong><\/span><\/p>\n<p>&nbsp;<\/p>\n<p><span style=\"font-size: 12pt;\">An den Schnittstellen der nun eingerichteten Besatzungszonen wurden erste Sperren sowie Kontrollpunkte errichtet. Die Kontrollen unter den westlichen Zonen war hierbei zumeist eher sporadischer Natur. Von Seiten der sowjetischen Besatzungszone erfolgten bereits kurz nach Einmarsch der russischen Truppen umf\u00e4ngliche Abriegelungs- und Sperrma\u00dfnahmen in Richtung zu den westlichen Zonen. Der Staatschef Frankreichs hatte bei den Konferenzen der alliierten Kriegsgewinner im Jahr 1945 nicht teilgenommen. Im Nachgang erhoben die alliierten Besatzungsm\u00e4chte Frankreich ebenfalls als Kriegsgewinner mit eigener Besatzungszone.<br \/>\nIn allen Besatzungszonen wurden die L\u00e4nder neu gegr\u00fcndet, die Alliierten setzten daraufhin von ihnen ernannte Ministerpr\u00e4sidenten ein. Die bis zur Wiedervereinigung erste und letzte gemeinsame Konferenz aller L\u00e4nder (auch der f\u00fcnf L\u00e4nder in der sowjetischen Besatzungszone) erfolgte am 6. und 7. Juni 1947 in M\u00fcnchen.<br \/>\n<\/span><\/p>\n<p><span style=\"font-size: 12pt;\"><a href=\"https:\/\/grenzdenkmale.de\/?attachment_id=69\" rel=\"attachment wp-att-69\"><img loading=\"lazy\" decoding=\"async\" class=\"size-medium wp-image-69 alignright\" src=\"https:\/\/grenzdenkmale.de\/wordpress\/wp-content\/uploads\/2-300x240.jpg\" alt=\"2\" width=\"300\" height=\"240\" srcset=\"https:\/\/grenzdenkmale.de\/wordpress\/wp-content\/uploads\/2-300x240.jpg 300w, https:\/\/grenzdenkmale.de\/wordpress\/wp-content\/uploads\/2.jpg 957w\" sizes=\"auto, (max-width: 300px) 100vw, 300px\" \/><\/a><\/span><span style=\"font-size: 12pt;\">Im Jahr 1949 erfolgte die Gr\u00fcndung der Bundesrepublik Deutschland auf dem Gebiet der amerikanischen, englischen und franz\u00f6sischen Zone. Mit Ausnahme von Bayern hatten alle westlichen L\u00e4nder der Gr\u00fcndung zugestimmt. Das Territorium der westalliierten Siegerm\u00e4chte von Berlin (west) erhielt den Status eines besonderen Gebietes. Die B\u00fcrger aus dem Westteil der Stadt erhielten keinen bundesdeutschen Personalausweis, sie erhielten ein sogenanntes \u201eBerliner Ausweisdokument\u201c.<\/span><\/p>\n<p>&nbsp;<\/p>\n<p style=\"text-align: right;\"><strong><span style=\"font-size: 10pt;\">Zonenkontrollpunkt, Englische-Russische Zone.<br \/>\nQuelle: Grenzlandbildstelle<\/span><\/strong><\/p>\n<p>&nbsp;<\/p>\n<p><span style=\"font-size: 12pt;\">Auf dem Territorium der sowjetischen Zone erfolgte im Gegenzug die Gr\u00fcndung der Deutschen Demokratischen Republik. Mit den Leitlinien der Gr\u00fcndung wurde bereits die alleinige Herrschaft der Staatspartei SED begr\u00fcndet und vom politischen Zentrum Ostberlins in alle \u00f6ffentlichen Verwaltungen eingebracht.<\/span><\/p>\n<p><span style=\"font-size: 12pt;\">F\u00fcr die Bundesrepublik Deutschland endete f\u00f6rmlich im Jahr 1955 mit Abschluss des Deutschlandvertrages die Besatzungszeit. Einige Vorbehalte der Westalliierten hatten bis zur Einheit Deutschlands bestand. So wurden u.a. Fragen im Bezug auf Deutschland als ganzes sowie der Stationierung von ausl\u00e4ndischen Soldaten in der Bundesrepublik Deutschland\u00a0 in weiteren Vereinbarungen und Vertr\u00e4gen ausgehandelt.<\/span><\/p>\n<p><span style=\"font-size: 12pt;\"><a href=\"https:\/\/grenzdenkmale.de\/?attachment_id=75\" rel=\"attachment wp-att-75\"><img loading=\"lazy\" decoding=\"async\" class=\"size-medium wp-image-75 alignleft\" src=\"https:\/\/grenzdenkmale.de\/wordpress\/wp-content\/uploads\/kkk-300x240.jpg\" alt=\"Karte\" width=\"300\" height=\"240\" srcset=\"https:\/\/grenzdenkmale.de\/wordpress\/wp-content\/uploads\/kkk-300x240.jpg 300w, https:\/\/grenzdenkmale.de\/wordpress\/wp-content\/uploads\/kkk.jpg 959w\" sizes=\"auto, (max-width: 300px) 100vw, 300px\" \/><\/a><\/span><span style=\"font-size: 12pt;\">Mit dem Abschluss des Deutschlandvertrages im Jahr 1955 trat die Bundesrepublik Deutschland auch dem Nordatlantischen B\u00fcndnis (NATO) bei. In den weiteren Jahren, bis 1990 zeigte sich, dass gro\u00dfe Truppenkontingente der westalliierten Streitkr\u00e4fte in den einst zu gesprochenen Besatzungsgebieten auf bundesdeutschen Gebiet stationiert wurden.<br \/>\n<\/span><span style=\"font-size: 12pt;\">In erster Linie handelte es sich bei diesen Truppen um Einheiten des Feldmilit\u00e4rs, aber auch milit\u00e4rische Spezialverb\u00e4nde der taktisch-nuklearen Kriegsf\u00fchrung.<\/span><\/p>\n<p><span style=\"font-size: 10pt;\"><strong>Karte mit Einzeichnung der Zonen.<br \/>\nQuelle: Grenzlandbildstelle (Zum Vergr\u00f6\u00dfern anklicken.)<\/strong><\/span><\/p>\n<p>&nbsp;<\/p>\n<p><span style=\"font-size: 12pt;\"><strong>Hinweise zur Denkmalforschung<\/strong><\/span><\/p>\n<p><span style=\"font-size: 12pt;\">Bauliche Zeugnisse aus der Zeit der Besatzungszonen in Deutschland finden sich heute eher selten. So z\u00e4hlen Anlagen und Baulichkeiten von Kriegsheimkehrern, Zonenkontrollpunkte, Zollgeb\u00e4ude, Markierungen an den Schnittstellen der Zonen oder Sperren an den Grenzen der Zonen zu den wenigen aussagef\u00e4higen Sachzeugnissen dieser Zeit.<\/span><\/p>\n","protected":false},"excerpt":{"rendered":"<p>Einige Monate vor dem Ende des II Weltkrieges erfolgte ein diplomatisches Treffen der alliierten Staatschefs von Amerika (Rossevelt), England (Churchill) und der Sowjetunion (Stalin). Dieses Treffen ging als Konferenz von Jalta in die Geschichte ein. Zu den Tagungspunkten z\u00e4hlte die <a class=\"more-link\" href=\"https:\/\/grenzdenkmale.de\/?page_id=15\">Weiterlesen\u00a0\u2026<\/a><\/p>\n","protected":false},"author":1,"featured_media":0,"parent":0,"menu_order":0,"comment_status":"closed","ping_status":"closed","template":"","meta":{"footnotes":""},"class_list":["post-15","page","type-page","status-publish","hentry"],"_links":{"self":[{"href":"https:\/\/grenzdenkmale.de\/index.php?rest_route=\/wp\/v2\/pages\/15","targetHints":{"allow":["GET"]}}],"collection":[{"href":"https:\/\/grenzdenkmale.de\/index.php?rest_route=\/wp\/v2\/pages"}],"about":[{"href":"https:\/\/grenzdenkmale.de\/index.php?rest_route=\/wp\/v2\/types\/page"}],"author":[{"embeddable":true,"href":"https:\/\/grenzdenkmale.de\/index.php?rest_route=\/wp\/v2\/users\/1"}],"replies":[{"embeddable":true,"href":"https:\/\/grenzdenkmale.de\/index.php?rest_route=%2Fwp%2Fv2%2Fcomments&post=15"}],"version-history":[{"count":50,"href":"https:\/\/grenzdenkmale.de\/index.php?rest_route=\/wp\/v2\/pages\/15\/revisions"}],"predecessor-version":[{"id":3595,"href":"https:\/\/grenzdenkmale.de\/index.php?rest_route=\/wp\/v2\/pages\/15\/revisions\/3595"}],"wp:attachment":[{"href":"https:\/\/grenzdenkmale.de\/index.php?rest_route=%2Fwp%2Fv2%2Fmedia&parent=15"}],"curies":[{"name":"wp","href":"https:\/\/api.w.org\/{rel}","templated":true}]}}