{"id":24,"date":"2013-06-30T13:03:04","date_gmt":"2013-06-30T11:03:04","guid":{"rendered":"http:\/\/grenzdenkmale.de\/?page_id=24"},"modified":"2025-04-06T23:54:18","modified_gmt":"2025-04-06T21:54:18","slug":"impressum","status":"publish","type":"page","link":"https:\/\/grenzdenkmale.de\/?page_id=24","title":{"rendered":"Impressum"},"content":{"rendered":"<p><span style=\"font-size: 12pt;\">Netzwerk Denkmalforschung<\/span><\/p>\n<p><span style=\"font-size: 12pt;\"><strong>Gesch\u00e4ftsstelle:<\/strong><\/span><\/p>\n<p><span style=\"font-size: 12pt;\">Schweinfurter Stra\u00dfe 16<\/span><br \/>\n<span style=\"font-size: 12pt;\">97532 \u00dcchtelhausen<\/span><\/p>\n<p><span style=\"font-size: 12pt;\">Tel: 09720\/951212<br \/>\n<\/span><span style=\"font-size: 12pt;\">E-Mail: <a href=\"mailto:grenzdenkmale@web.de\">grenzdenkmale@web.de<\/a><\/span><\/p>\n<p><span style=\"font-size: 12pt;\">Vertreten durch den gesch\u00e4ftsf\u00fchrenden Vorstand Andreas Erhard<\/span><\/p>\n<p><span style=\"font-size: 12pt;\">\u201eNetzwerk Denkmalforschung\u201c ist ein Projekt des Deutschen Kuratoriums zur F\u00f6rderung von Wissenschaft, Bildung und Kultur e.V.<\/span><\/p>\n<p><span style=\"font-size: 12pt;\"><a href=\"http:\/\/www.deutsches-kuratorium.de\/\">www.deutsches-kuratorium.de<\/a><br \/>\n<\/span><span style=\"font-size: 12pt;\">E-Mail: <a href=\"mailto:deutsches.kuratorium@t-online.de\">deutsches.kuratorium@t-online.de<\/a>\u00a0 (zentrale E-Mail Adresse)<\/span><\/p>\n<p><span style=\"font-size: 12pt;\">Das \u201eNetzwerk Denkmalforschung\u201c ist nach einer Idee von Familie Elke Erhard, Andreas Erhard und Manuel Erhard entstanden.<\/span><\/p>\n<p><span style=\"font-size: 12pt;\">Familie Erhard ist federf\u00fchrend mit dieser Thematik befasst.<\/span><\/p>\n<p><span style=\"font-size: 12pt;\"><a href=\"http:\/\/www.erhard-family.de\/\">www.erhard-family.de<\/a><\/span><\/p>\n<p><span style=\"font-size: 12pt;\">Unsere Empfehlung zu Aussagef\u00e4higen, museal genutzten Denkmalanlagen an der ehemaligen Innerdeutschen Grenze finden Sie unter:<\/span><\/p>\n<p><span style=\"font-size: 12pt;\"><a href=\"http:\/\/www.deutsch-deutsches-freilandmuseum.de\/\">www.deutsch-deutsches-freilandmuseum.de<\/a><\/span><\/p>\n<p><span style=\"font-size: 12pt;\">Eintr\u00e4ge und Ausf\u00fchrungen zu den Projekten des Deutschen Kuratoriums e.V. in der Wikipedia oder weiteren Enzyklop\u00e4dien sind im Allgemeinen n\u00fctzliche Erstinformationen. Zur weiteren nachhaltigen und sachlich sowie fachlich korrekten Information, sollte ausschlie\u00dflich auf die vorbezeichnete\u00a0Homepage zur\u00fcckgegriffen werden.<\/span><\/p>\n<p><span style=\"font-size: 12pt;\"><strong>Hinweise zum Urheberecht und Datenschutz<\/strong><\/span><\/p>\n<p><span style=\"font-size: 12pt;\">Alle Bilddokumente sowie Texte sind urheberrechtlich gesch\u00fctzt. Bild- und Textautor ist, insofern keine weiteren Quellenangaben vorhanden sind das Deutsche Kuratorium zur F\u00f6rderung von Wissenschaft, Bildung und Kultur e.V.<\/span><\/p>\n<p><span style=\"font-size: 12pt;\">Relevante Daten werden nicht in elektronischer Form gespeichert und nicht an Dritte weitergegeben.<\/span><\/p>\n<p><span style=\"font-size: 12pt;\">Jede Nutzung, auch die Verlinkung im Internet, bedarf der Genehmigung durch das Deutsche Kuratorium e.V.<\/span><\/p>\n","protected":false},"excerpt":{"rendered":"<p>Netzwerk Denkmalforschung Gesch\u00e4ftsstelle: Schweinfurter Stra\u00dfe 16 97532 \u00dcchtelhausen Tel: 09720\/951212 E-Mail: grenzdenkmale@web.de Vertreten durch den gesch\u00e4ftsf\u00fchrenden Vorstand Andreas Erhard \u201eNetzwerk Denkmalforschung\u201c ist ein Projekt des Deutschen Kuratoriums zur F\u00f6rderung von Wissenschaft, Bildung und Kultur e.V. www.deutsches-kuratorium.de E-Mail: deutsches.kuratorium@t-online.de\u00a0 (zentrale E-Mail <a class=\"more-link\" href=\"https:\/\/grenzdenkmale.de\/?page_id=24\">Weiterlesen\u00a0\u2026<\/a><\/p>\n","protected":false},"author":1,"featured_media":0,"parent":0,"menu_order":0,"comment_status":"closed","ping_status":"closed","template":"","meta":{"footnotes":""},"class_list":["post-24","page","type-page","status-publish","hentry"],"_links":{"self":[{"href":"https:\/\/grenzdenkmale.de\/index.php?rest_route=\/wp\/v2\/pages\/24","targetHints":{"allow":["GET"]}}],"collection":[{"href":"https:\/\/grenzdenkmale.de\/index.php?rest_route=\/wp\/v2\/pages"}],"about":[{"href":"https:\/\/grenzdenkmale.de\/index.php?rest_route=\/wp\/v2\/types\/page"}],"author":[{"embeddable":true,"href":"https:\/\/grenzdenkmale.de\/index.php?rest_route=\/wp\/v2\/users\/1"}],"replies":[{"embeddable":true,"href":"https:\/\/grenzdenkmale.de\/index.php?rest_route=%2Fwp%2Fv2%2Fcomments&post=24"}],"version-history":[{"count":17,"href":"https:\/\/grenzdenkmale.de\/index.php?rest_route=\/wp\/v2\/pages\/24\/revisions"}],"predecessor-version":[{"id":3718,"href":"https:\/\/grenzdenkmale.de\/index.php?rest_route=\/wp\/v2\/pages\/24\/revisions\/3718"}],"wp:attachment":[{"href":"https:\/\/grenzdenkmale.de\/index.php?rest_route=%2Fwp%2Fv2%2Fmedia&parent=24"}],"curies":[{"name":"wp","href":"https:\/\/api.w.org\/{rel}","templated":true}]}}