{"id":280,"date":"2013-07-21T13:03:15","date_gmt":"2013-07-21T11:03:15","guid":{"rendered":"http:\/\/grenzdenkmale.de\/?page_id=280"},"modified":"2025-04-13T14:31:22","modified_gmt":"2025-04-13T12:31:22","slug":"bestellservice","status":"publish","type":"page","link":"https:\/\/grenzdenkmale.de\/?page_id=280","title":{"rendered":"Bestellservice"},"content":{"rendered":"<p><span style=\"font-size: 12pt;\">Alle als lieferbar aufgef\u00fchrten und vorgestellten B\u00fccher und Publikationen k\u00f6nnen bestellt werden:<\/span><\/p>\n<p><span style=\"font-size: 12pt;\">Bestellanschrift:<\/span><\/p>\n<p><span style=\"font-size: 12pt;\">Stiftungs- und Initiativenverlag<br \/>\nSchweinfurter Stra\u00dfe 16<\/span><br \/>\n<span style=\"font-size: 12pt;\">97532 \u00dcchtelhausen<br \/>\nTelefon: 09720\/951212 (teilweise Bandschaltung)<br \/>\n<\/span><\/p>\n<p><span style=\"font-size: 12pt;\">E-Mail: <a href=\"mailto:deutsches.kuratorium@t-online.de\">deutsches.kuratorium@t-online.de<\/a> (zentrale E- Mail Adresse )<\/span><\/p>\n<p><a href=\"mailto:grenzdenkmale@web.de\"><span style=\"font-size: 12pt;\">grenzdenkmale@web.de<\/span><\/a><\/p>\n<p><span style=\"font-size: 12pt;\">Bankverbindung: <\/span><br \/>\n<span style=\"font-size: 12pt;\"><span style=\"text-decoration: underline;\">IBAN:<\/span> DE69 7935 0101 0008 2619 01 <\/span><br \/>\n<span style=\"font-size: 12pt;\"><span style=\"text-decoration: underline;\">BIC:<\/span> BYLADEM1KSW<\/span><br \/>\n<span style=\"font-size: 12pt;\">Sparkasse Schweinfurt-Ha\u00dfberge<\/span><\/p>\n<p><span style=\"font-size: 12pt;\">PayPal-Verbindung: deutsches.kuratorium@t-online.de<\/span><\/p>\n<p>&nbsp;<\/p>\n<p><span style=\"font-size: 12pt;\">Die Lieferung der bestellten Ware erfolgt nach Zahlungseingang (Vorkasse) zuz\u00fcglich Versandkosten.<br \/>\nDie Zahlung kann per Bank\u00fcberweisung oder PayPal erfolgen.<\/span><br \/>\n<span style=\"font-size: 12pt;\">Der Versand erfolgt zeitnah als B\u00fcchersendung durch die Deutsche Post oder alternativen Versanddienstleistern. Diesbez\u00fcglich kann sich die Zustellung auf bis zu zehn Werktage belaufen.<\/span><\/p>\n<p><span style=\"font-size: 12pt;\">F\u00fcr eine Bestellung ist kein besonderes Bestellformular erforderlich.<br \/>\n<\/span><span style=\"font-size: 12pt;\">Bestellungen sind schriftlich z.B. per Post oder<\/span><span style=\"font-size: 12pt;\"> E-Mail m\u00f6glich.<br \/>\n<\/span><span style=\"font-size: 12pt;\">Bitte geben Sie Ihren Namen und die Postanschrift sowie die bestellte Ware an.<br \/>\n<\/span><span style=\"font-size: 12pt;\">F\u00fcr R\u00fcckfragen teilen Sie uns bitte auch Ihre Telefonnummer mit.<br \/>\n<\/span><span style=\"font-size: 12pt;\">Bestellungen aus dem Ausland sind auch m\u00f6glich, hierbei wird\u00a0 der tats\u00e4chlich entstandene Portopreis in Rechnung gestellt!<\/span><\/p>\n<p><span style=\"font-size: 12pt;\">Eine Weitergabe Ihrer pers\u00f6nlichen Daten an Dritte erfolgt nicht!<\/span><\/p>\n<p><span style=\"text-decoration: underline; font-size: 12pt;\">Unser Angebot f\u00fcr den Endverbraucher\/Nutzer:<\/span><\/p>\n<p><span style=\"font-size: 12pt;\">Geben Sie die Aktionsnummer 211 bei Ihrer Bestellung an, dann erhalten Sie die bestellte Ware Versandkostenfrei.<\/span><\/p>\n<p>&nbsp;<\/p>\n","protected":false},"excerpt":{"rendered":"<p>Alle als lieferbar aufgef\u00fchrten und vorgestellten B\u00fccher und Publikationen k\u00f6nnen bestellt werden: Bestellanschrift: Stiftungs- und Initiativenverlag Schweinfurter Stra\u00dfe 16 97532 \u00dcchtelhausen Telefon: 09720\/951212 (teilweise Bandschaltung) E-Mail: deutsches.kuratorium@t-online.de (zentrale E- Mail Adresse ) grenzdenkmale@web.de Bankverbindung: IBAN: DE69 7935 0101 0008 2619 <a class=\"more-link\" href=\"https:\/\/grenzdenkmale.de\/?page_id=280\">Weiterlesen\u00a0\u2026<\/a><\/p>\n","protected":false},"author":1,"featured_media":0,"parent":0,"menu_order":0,"comment_status":"closed","ping_status":"open","template":"","meta":{"footnotes":""},"class_list":["post-280","page","type-page","status-publish","hentry"],"_links":{"self":[{"href":"https:\/\/grenzdenkmale.de\/index.php?rest_route=\/wp\/v2\/pages\/280","targetHints":{"allow":["GET"]}}],"collection":[{"href":"https:\/\/grenzdenkmale.de\/index.php?rest_route=\/wp\/v2\/pages"}],"about":[{"href":"https:\/\/grenzdenkmale.de\/index.php?rest_route=\/wp\/v2\/types\/page"}],"author":[{"embeddable":true,"href":"https:\/\/grenzdenkmale.de\/index.php?rest_route=\/wp\/v2\/users\/1"}],"replies":[{"embeddable":true,"href":"https:\/\/grenzdenkmale.de\/index.php?rest_route=%2Fwp%2Fv2%2Fcomments&post=280"}],"version-history":[{"count":13,"href":"https:\/\/grenzdenkmale.de\/index.php?rest_route=\/wp\/v2\/pages\/280\/revisions"}],"predecessor-version":[{"id":3719,"href":"https:\/\/grenzdenkmale.de\/index.php?rest_route=\/wp\/v2\/pages\/280\/revisions\/3719"}],"wp:attachment":[{"href":"https:\/\/grenzdenkmale.de\/index.php?rest_route=%2Fwp%2Fv2%2Fmedia&parent=280"}],"curies":[{"name":"wp","href":"https:\/\/api.w.org\/{rel}","templated":true}]}}