{"id":5,"date":"2013-06-25T22:18:56","date_gmt":"2013-06-25T20:18:56","guid":{"rendered":"http:\/\/grenzdenkmale.de\/wordpress\/?page_id=5"},"modified":"2022-04-21T14:57:21","modified_gmt":"2022-04-21T12:57:21","slug":"momentan-nicht-erreichbar","status":"publish","type":"page","link":"https:\/\/grenzdenkmale.de\/","title":{"rendered":"Home"},"content":{"rendered":"<p><span style=\"font-size: 12pt;\">Die Zeitspanne ab dem Ende des II Weltkriegs bis zum Zeitpunkt\u00a0der deutschen Wiedervereinigung umfasste \u00fcber 40 Jahre. Die unmittelbare Nachkriegszeit mit der Schaffung von Zonen durch die Kriegsgewinner aber auch die Zeit der Teilung in Deutschland sind historisch als einmalige Ereignisse der fr\u00fcheren Weltgeschichte einzustufen.<\/span><\/p>\n<p><span style=\"font-size: 12pt;\">Gerade mit der doppelten Staatsgr\u00fcndung auf deutschen Boden vollzogen sich in der Landesgeschichte nie da gewesene politische und gesellschaftliche Umbr\u00fcche. Auch die Rolle und der Einfluss der Siegerm\u00e4chte des II. Weltkriegs in dieser Zeit spiegelt deutlich den politisch ausgetragenen Ost-West-Konflikt wieder.<\/span><\/p>\n<p><span style=\"font-size: 12pt;\">Die Teilung Deutschlands wurde mittels der friedlichen Revolution durch die Menschen in der DDR am 9. November 1989 \u00fcberfl\u00fcssig. Zum 3. Oktober 1990 erfolgte nach politischen Verhandlungen der Beitritt der Deutschen Demokratischen Republik zum Geltungsbereich der Bundesrepublik Deutschland.<\/span><\/p>\n<p><span style=\"font-size: 12pt;\">Aus allen Phasen der jahrzehnte langen Teilungszeit sind umf\u00e4ngliche schriftliche Materialien sowie Bilddokumente erhalten geblieben. Diese stehen auch den Historikern und Forschern weitreichend zu Verf\u00fcgung. Eine gro\u00dfe Herausforderung birgt jedoch das auffinden, erforschen sowie erhalten von aussagef\u00e4higen baulichen Hinterlassenschaften dieser Zeitspanne.<\/span><\/p>\n<p><span style=\"font-size: 12pt;\">Nur mittels einer konsequenten Denkmalforschung zu den Baulichkeiten aus der Zeit der alliierten Besatzung sowie der daraus resultierenden deutschen Teilung schlie\u00dft den Spannungsbogen einer fundierten Geschichtsvermittlung dieser j\u00fcngeren deutschen Historie. Im Rahmen des Netzwerks Denkmalforschung soll die Thematik sensibilisiert werden. Der Dokumentation, Erforschung und Erhaltung von Bau- oder Bodendenkmalen mit Bezug zur Teilungsgeschichte obliegt hierbei besonderem Augenmerk. Forschungsergebnisse werden regelm\u00e4\u00dfig ver\u00f6ffentlicht. Die Ergebnisse dieser Studien zu den Sachzeugnissen der Teilungsgeschichte werden auch den staatlichen Denkmalbeh\u00f6rten zur Kenntnis gebracht.<\/span><\/p>\n<p><span style=\"font-size: 12pt;\">Der Schwerpunkt der Denkmalforschungen liegt auf den baulichen Zeugnissen im Verlauf der ehemaligen innerdeutschen Grenze. Diese Grenzdenkmale zeigen einen Sonderstatus im Zusammenhang mit der Struktur und der Handlungsweise beiden deutschen Staaten auf.<\/span><\/p>\n","protected":false},"excerpt":{"rendered":"<p>Die Zeitspanne ab dem Ende des II Weltkriegs bis zum Zeitpunkt\u00a0der deutschen Wiedervereinigung umfasste \u00fcber 40 Jahre. Die unmittelbare Nachkriegszeit mit der Schaffung von Zonen durch die Kriegsgewinner aber auch die Zeit der Teilung in Deutschland sind historisch als einmalige <a class=\"more-link\" href=\"https:\/\/grenzdenkmale.de\/\">Weiterlesen\u00a0\u2026<\/a><\/p>\n","protected":false},"author":1,"featured_media":0,"parent":0,"menu_order":0,"comment_status":"closed","ping_status":"closed","template":"","meta":{"footnotes":""},"class_list":["post-5","page","type-page","status-publish","hentry"],"_links":{"self":[{"href":"https:\/\/grenzdenkmale.de\/index.php?rest_route=\/wp\/v2\/pages\/5","targetHints":{"allow":["GET"]}}],"collection":[{"href":"https:\/\/grenzdenkmale.de\/index.php?rest_route=\/wp\/v2\/pages"}],"about":[{"href":"https:\/\/grenzdenkmale.de\/index.php?rest_route=\/wp\/v2\/types\/page"}],"author":[{"embeddable":true,"href":"https:\/\/grenzdenkmale.de\/index.php?rest_route=\/wp\/v2\/users\/1"}],"replies":[{"embeddable":true,"href":"https:\/\/grenzdenkmale.de\/index.php?rest_route=%2Fwp%2Fv2%2Fcomments&post=5"}],"version-history":[{"count":12,"href":"https:\/\/grenzdenkmale.de\/index.php?rest_route=\/wp\/v2\/pages\/5\/revisions"}],"predecessor-version":[{"id":3178,"href":"https:\/\/grenzdenkmale.de\/index.php?rest_route=\/wp\/v2\/pages\/5\/revisions\/3178"}],"wp:attachment":[{"href":"https:\/\/grenzdenkmale.de\/index.php?rest_route=%2Fwp%2Fv2%2Fmedia&parent=5"}],"curies":[{"name":"wp","href":"https:\/\/api.w.org\/{rel}","templated":true}]}}